{"id":2370,"date":"2018-05-17T15:26:42","date_gmt":"2018-05-17T12:26:42","guid":{"rendered":"https:\/\/hotel-livikon-plakias.com\/de\/?page_id=2370"},"modified":"2018-06-05T10:48:14","modified_gmt":"2018-06-05T07:48:14","slug":"datenschutz","status":"publish","type":"page","link":"https:\/\/livikonhotel.com\/de\/datenschutz\/","title":{"rendered":"Datenschutz"},"content":{"rendered":"<h1>Datenschutz<\/h1>\n<p>Die Nutzung unserer Webseite ist in der Regel ohne Angabe personenbezogener Daten m\u00f6glich. Soweit auf unseren Seiten personenbezogene Daten (beispielsweise Name, Anschrift oder eMail-Adressen) erhoben werden, erfolgt dies auf freiwilliger Basis. Diese Daten werden ohne Ihre ausdr\u00fcckliche Zustimmung nicht an Dritte weitergegeben, au\u00dfer an Dritte, die in den Prozess der Reservierung, Buchung und Bezahlung von R\u00e4umen, Speisen und Getr\u00e4nken, Mietwagen etc. und in Ihren  Aufenthalt in unserem Hotel eingebunden sind.<br \/>\nBesucher dieser Webseite haben das Recht, die \u00fcber sie gesammelten pers\u00f6nlichen Daten auf Antrag per E-Mail einzusehen. Es muss vom Besucher dieselbe E-Mail-Adresse verwendet werden, die f\u00fcr die Reservierungsanfrage\/Belegungsanfrage bzw. Kontaktanfrage benutzt wurde. Sie haben das Recht, fehlerhafte Daten korrigieren zu lassen.<br \/>\nAuf dem gleichen Weg hat der Besucher der Webseite das Recht, dass seine pers\u00f6nlichen Daten gesperrt und \u2013 soweit gesetzlich zul\u00e4ssig \u2013 gel\u00f6scht werden. Wir ben\u00f6tigen hierf\u00fcr 30 Tage, um die Verarbeitung der gesammelten pers\u00f6nlichen Daten wie Reservierungen, Buchungen, Bezahlungen, Beschwerden usw. zu pr\u00fcfen. Sie werden \u00fcber die endg\u00fcltige L\u00f6schung Ihrer pers\u00f6nlichen Daten per E-Mail informiert.<br \/>\nBitte beachten Sie, dass wir nach der L\u00f6schung Ihrer Daten keine Service-Anfragen mehr beantworten k\u00f6nnen.<br \/>\nWir weisen darauf hin, dass die Daten\u00fcbertragung im Internet (z.B. bei der Kommunikation per E-Mail) Sicherheitsl\u00fccken aufweisen kann. Ein l\u00fcckenloser Schutz der Daten vor dem Zugriff durch Dritte ist nicht m\u00f6glich.<\/p>\n<p><a href=\"https:\/\/hotel-livikon-plakias.com\/de\/detailinformationen-zum-datenschutz\/\">Detailinformationen zum Datenschutz!<\/a><\/p>\n","protected":false},"excerpt":{"rendered":"<p>Datenschutz Die Nutzung unserer Webseite ist in der Regel ohne Angabe personenbezogener Daten m\u00f6glich. Soweit auf unseren Seiten personenbezogene Daten (beispielsweise Name, Anschrift oder eMail-Adressen) erhoben werden, erfolgt dies auf freiwilliger Basis. Diese Daten werden ohne Ihre ausdr\u00fcckliche Zustimmung nicht an Dritte weitergegeben, au\u00dfer an Dritte, die in den Prozess der Reservierung, Buchung und Bezahlung von R\u00e4umen, Speisen und Getr\u00e4nken,&nbsp;<a href=\"https:\/\/livikonhotel.com\/de\/datenschutz\/\" class=\"read-more\">Continue Reading<\/a><\/p>\n","protected":false},"author":1,"featured_media":0,"parent":0,"menu_order":6,"comment_status":"open","ping_status":"closed","template":"page-fullwidth.php","meta":{"footnotes":""},"class_list":["post-2370","page","type-page","status-publish","hentry"],"_links":{"self":[{"href":"https:\/\/livikonhotel.com\/de\/wp-json\/wp\/v2\/pages\/2370","targetHints":{"allow":["GET"]}}],"collection":[{"href":"https:\/\/livikonhotel.com\/de\/wp-json\/wp\/v2\/pages"}],"about":[{"href":"https:\/\/livikonhotel.com\/de\/wp-json\/wp\/v2\/types\/page"}],"author":[{"embeddable":true,"href":"https:\/\/livikonhotel.com\/de\/wp-json\/wp\/v2\/users\/1"}],"replies":[{"embeddable":true,"href":"https:\/\/livikonhotel.com\/de\/wp-json\/wp\/v2\/comments?post=2370"}],"version-history":[{"count":1,"href":"https:\/\/livikonhotel.com\/de\/wp-json\/wp\/v2\/pages\/2370\/revisions"}],"predecessor-version":[{"id":2380,"href":"https:\/\/livikonhotel.com\/de\/wp-json\/wp\/v2\/pages\/2370\/revisions\/2380"}],"wp:attachment":[{"href":"https:\/\/livikonhotel.com\/de\/wp-json\/wp\/v2\/media?parent=2370"}],"curies":[{"name":"wp","href":"https:\/\/api.w.org\/{rel}","templated":true}]}}