{"id":2118,"date":"2015-06-12T11:52:11","date_gmt":"2015-06-12T08:52:11","guid":{"rendered":"http:\/\/hotel-livikon-plakias.com\/wp\/?page_id=2118"},"modified":"2015-07-01T11:58:17","modified_gmt":"2015-07-01T08:58:17","slug":"lodging","status":"publish","type":"page","link":"https:\/\/livikonhotel.com\/de\/home\/lodging\/","title":{"rendered":"WOHNEN"},"content":{"rendered":"<h1>AUSSTATTUNG - EINRICHTUNG<\/h1>\n<div class=\"row indent-bottom\">\n<div class=\"span4 \"><strong>10 Zimmer und ein Penthaus:<\/strong><br \/>\nAlle Zimmer haben<\/p>\n<ul>\n<li>Balkon mit doppelt verglasten T\u00fcren und Jalousetten,<\/li>\n<li>ein Badeyimmer mit Haarf\u00f6n,<\/li>\n<li>eine volleingerichtete Kompakt-Einbauk\u00fcche mit K\u00fchlschrank,<\/li>\n<li>Klimaanlage,<\/li>\n<li>W-Lan Internet Anschluss<\/li>\n<li>Satelliten - TV.<\/li>\n<\/ul>\n<p>Es gibt Zimmer mit Meerblick und mit Blick auf die Berge.<\/p><\/div>\n<div class=\"span4 \"><strong>Doppelzimmer<\/strong><br \/>\nBitte besuchen Sie unsere Fotogallerie, um einen Eindruck von einem ger\u00e4umigen Doppelzimmer zu erhalten. Es gibt Zimmer mit Doppelbett und Zimmer mit zwei Einzelbetten.<\/p>\n<p><strong>Dreibettzimmer<\/strong><br \/>\nAuch die Dreibettzimmer zeichnen sich durch praktische M\u00f6blierung und vollst\u00e4ndige Einrichtung aus.<\/p>\n<p>Handt\u00fccher werden t\u00e4glich gewechselt, Bettw\u00e4sche jeden dritten Tag.<br \/><\/div>\n<div class=\"span4 \"><table border=\"0\" width=\"180\" cellpadding=\"0\">\n<tbody>\n<tr>\n<td><a title=\"\" href=\"http:\/\/hotel-livikon-plakias.com\/wp\/wp-content\/uploads\/2012\/06\/2-single-beds-room-3_1616.jpg\" rel=\"lightbox&#091;livikon&#093;\" data-rel=\"lightbox-image-0\" data-rl_title=\"\" data-rl_caption=\"\"><img loading=\"lazy\" decoding=\"async\" class=\"alignleft wp-image-2035\" src=\"http:\/\/hotel-livikon-plakias.com\/wp\/wp-content\/uploads\/2012\/06\/2-single-beds-room-3_1616-300x200.jpg\" alt=\"Double bed room\" width=\"150\" height=\"113\" \/><\/a><\/td>\n<\/tr>\n<tr>\n<td>\n<a title=\"\" href=\"http:\/\/hotel-livikon-plakias.com\/wp\/wp-content\/uploads\/2012\/06\/triple-bed-room-1_1741.jpg\" rel=\"lightbox&#091;livikon&#093;\" data-rel=\"lightbox-image-1\" data-rl_title=\"\" data-rl_caption=\"\"><img loading=\"lazy\" decoding=\"async\" class=\"alignleft wp-image-2035\" src=\"http:\/\/hotel-livikon-plakias.com\/wp\/wp-content\/uploads\/2012\/06\/triple-bed-room-1_1741-300x200.jpg\" alt=\"triple-bed-room-1_1741\" alt=\"Triple bed room\" width=\"150\" height=\"113\" \/><\/a><\/td>\n<\/tr>\n<\/tbody>\n<\/table><\/div>\n<\/div><!-- .row (end) -->\n","protected":false},"excerpt":{"rendered":"<p>AUSSTATTUNG - EINRICHTUNG<\/p>\n","protected":false},"author":1,"featured_media":0,"parent":203,"menu_order":1,"comment_status":"open","ping_status":"closed","template":"page-fullwidth.php","meta":{"footnotes":""},"class_list":["post-2118","page","type-page","status-publish","hentry"],"_links":{"self":[{"href":"https:\/\/livikonhotel.com\/de\/wp-json\/wp\/v2\/pages\/2118","targetHints":{"allow":["GET"]}}],"collection":[{"href":"https:\/\/livikonhotel.com\/de\/wp-json\/wp\/v2\/pages"}],"about":[{"href":"https:\/\/livikonhotel.com\/de\/wp-json\/wp\/v2\/types\/page"}],"author":[{"embeddable":true,"href":"https:\/\/livikonhotel.com\/de\/wp-json\/wp\/v2\/users\/1"}],"replies":[{"embeddable":true,"href":"https:\/\/livikonhotel.com\/de\/wp-json\/wp\/v2\/comments?post=2118"}],"version-history":[{"count":2,"href":"https:\/\/livikonhotel.com\/de\/wp-json\/wp\/v2\/pages\/2118\/revisions"}],"predecessor-version":[{"id":2318,"href":"https:\/\/livikonhotel.com\/de\/wp-json\/wp\/v2\/pages\/2118\/revisions\/2318"}],"up":[{"embeddable":true,"href":"https:\/\/livikonhotel.com\/de\/wp-json\/wp\/v2\/pages\/203"}],"wp:attachment":[{"href":"https:\/\/livikonhotel.com\/de\/wp-json\/wp\/v2\/media?parent=2118"}],"curies":[{"name":"wp","href":"https:\/\/api.w.org\/{rel}","templated":true}]}}