{"id":2116,"date":"2015-06-12T11:50:17","date_gmt":"2015-06-12T08:50:17","guid":{"rendered":"http:\/\/hotel-livikon-plakias.com\/wp\/?page_id=2116"},"modified":"2015-07-01T11:55:10","modified_gmt":"2015-07-01T08:55:10","slug":"facilities","status":"publish","type":"page","link":"https:\/\/livikonhotel.com\/de\/home\/facilities\/","title":{"rendered":"EINRICHTUNGEN"},"content":{"rendered":"<h1>EINRICHTUNGEN<\/h1>\n<div class=\"row indent-bottom\">\n<div class=\"span6 \"><strong>HOTELEINRICHTUNGEN<\/strong><br \/>\nUnsere Rezeption ist von 08:00 morgens bis 04:00 Uhr fr\u00fch ge\u00f6ffnet. Hier erhalten Sie Informationen \u00fcber Mietwagen, Ausfl\u00fcge Wassersport und mehr.<br \/>\nWir bieten W\u00e4scheservice und Babysitting auf Anfrage.<br \/>\nDas Hotel hat einen Privatparkplatz.<br \/>\nIm Erdgescho\u00df befindet sich eine gut gef\u00fchrte Cafeteria und Snack-Bar.<br \/>\nWir sehen <strong>Sauberkeit<\/strong> und guten Service als wesentliche Faktoren der Gastfreundschaft, die Sie im LIVIKON Beach Hotel erfahren werden.<br \/>\nDurch unsere Webcams erhalten Sie einen \u00dcberblick. Einfach hier klicken: <a href=\"http:\/\/hotel-livikon-plakias.com\/de\/home\/webcams\" class=\"btn btn-primary\">Webcams<\/a><br \/><\/div>\n<div class=\"span6 \"><strong>CAFETERIA<\/strong><br \/>\nIn der Cafeteria \u2013 Snack-Bar im Erdgescho\u00df wird das Fr\u00fchst\u00fcck serviert. Sie erhalten hier au\u00dferdem leichte Speisen wie Crepes, Sandwich, Pizza, Getr\u00e4nke, Eis und Cocktails, alles zu sehr zivilen Preisen.<\/p>\n<p><strong>Cafe Livikon bietet:<\/strong><br \/>\nFr\u00fchst\u00fcck, Omeletts, Crepes, Snacks, Pizza, Salate, Sandwiches,<br \/>\nFruchts\u00e4fte, Kaffee, Tee, Milkshakes, Bier Erfrischungsgetr\u00e4nke,<br \/>\nCocktails, Wein, Drinks<br \/><\/div>\n<\/div><!-- .row (end) -->\n","protected":false},"excerpt":{"rendered":"<p>EINRICHTUNGEN<\/p>\n","protected":false},"author":1,"featured_media":0,"parent":203,"menu_order":1,"comment_status":"open","ping_status":"closed","template":"page-fullwidth.php","meta":{"footnotes":""},"class_list":["post-2116","page","type-page","status-publish","hentry"],"_links":{"self":[{"href":"https:\/\/livikonhotel.com\/de\/wp-json\/wp\/v2\/pages\/2116","targetHints":{"allow":["GET"]}}],"collection":[{"href":"https:\/\/livikonhotel.com\/de\/wp-json\/wp\/v2\/pages"}],"about":[{"href":"https:\/\/livikonhotel.com\/de\/wp-json\/wp\/v2\/types\/page"}],"author":[{"embeddable":true,"href":"https:\/\/livikonhotel.com\/de\/wp-json\/wp\/v2\/users\/1"}],"replies":[{"embeddable":true,"href":"https:\/\/livikonhotel.com\/de\/wp-json\/wp\/v2\/comments?post=2116"}],"version-history":[{"count":2,"href":"https:\/\/livikonhotel.com\/de\/wp-json\/wp\/v2\/pages\/2116\/revisions"}],"predecessor-version":[{"id":2342,"href":"https:\/\/livikonhotel.com\/de\/wp-json\/wp\/v2\/pages\/2116\/revisions\/2342"}],"up":[{"embeddable":true,"href":"https:\/\/livikonhotel.com\/de\/wp-json\/wp\/v2\/pages\/203"}],"wp:attachment":[{"href":"https:\/\/livikonhotel.com\/de\/wp-json\/wp\/v2\/media?parent=2116"}],"curies":[{"name":"wp","href":"https:\/\/api.w.org\/{rel}","templated":true}]}}