{"id":2111,"date":"2015-06-12T11:47:46","date_gmt":"2015-06-12T08:47:46","guid":{"rendered":"http:\/\/hotel-livikon-plakias.com\/wp\/?page_id=2111"},"modified":"2019-05-09T11:19:43","modified_gmt":"2019-05-09T08:19:43","slug":"location","status":"publish","type":"page","link":"https:\/\/livikonhotel.com\/de\/home\/location\/","title":{"rendered":"LAGE"},"content":{"rendered":"<h1>LAGE<\/h1>\n<div class=\"span12 \"><iframe loading=\"lazy\" src=\"https:\/\/www.google.com\/maps\/embed?pb=!1m18!1m12!1m3!1d3260.6525426290127!2d24.39346381579384!3d35.19021168031183!2m3!1f0!2f0!3f0!3m2!1i1024!2i768!4f13.1!3m3!1m2!1s0x149b6ee60d418c37%3A0xef1ee0b286dd2544!2sHotel+Livikon!5e0!3m2!1sen!2sgr!4v1557389864979!5m2!1sen!2sgr\" width=\"100%\" height=\"450\" frameborder=\"0\" style=\"border:0\" allowfullscreen><\/iframe><div class=\"spacer\"><\/div><!-- .spacer (end) --><\/div>\n<div class=\"row indent-bottom\">\n<div class=\"span6 \"><strong>Das LIVIKON Beach Hotel<\/strong><br \/>\nbefindet sich am Sandstrand von Plakias an der S\u00fcdk\u00fcste Kretas mit Blick auf das Libysche Meer und die Kouroupa Berge mit der Kotsifouschlucht. In der N\u00e4he befinden sich Tavernen mit traditionellen kretischen Speisen, Apotheke, Arzt und Supermarkt, Post und Busstation.<br \/><\/div>\n<div class=\"span6 \"><strong>Entfernungen zwischen Plakias, St\u00e4dten, Flugh\u00e4fen und Ausflugszielen<\/strong><br \/>\nRethymnon: 38 km || Flughafen Iraklion: 125 km  ||  Flughafen Chania: 115 km<br \/>\nAgios Nikolaos: 190 km  ||  Kloster Preveli: 7 km || Samariaschlucht: 130 km<br \/>\nElafonissi: 160 km || Kloster Arkadi: 55 km<br \/><\/div>\n<\/div><!-- .row (end) -->\n","protected":false},"excerpt":{"rendered":"<p>LAGE<\/p>\n","protected":false},"author":1,"featured_media":0,"parent":203,"menu_order":1,"comment_status":"open","ping_status":"closed","template":"page-fullwidth.php","meta":{"footnotes":""},"class_list":["post-2111","page","type-page","status-publish","hentry"],"_links":{"self":[{"href":"https:\/\/livikonhotel.com\/de\/wp-json\/wp\/v2\/pages\/2111","targetHints":{"allow":["GET"]}}],"collection":[{"href":"https:\/\/livikonhotel.com\/de\/wp-json\/wp\/v2\/pages"}],"about":[{"href":"https:\/\/livikonhotel.com\/de\/wp-json\/wp\/v2\/types\/page"}],"author":[{"embeddable":true,"href":"https:\/\/livikonhotel.com\/de\/wp-json\/wp\/v2\/users\/1"}],"replies":[{"embeddable":true,"href":"https:\/\/livikonhotel.com\/de\/wp-json\/wp\/v2\/comments?post=2111"}],"version-history":[{"count":2,"href":"https:\/\/livikonhotel.com\/de\/wp-json\/wp\/v2\/pages\/2111\/revisions"}],"predecessor-version":[{"id":2381,"href":"https:\/\/livikonhotel.com\/de\/wp-json\/wp\/v2\/pages\/2111\/revisions\/2381"}],"up":[{"embeddable":true,"href":"https:\/\/livikonhotel.com\/de\/wp-json\/wp\/v2\/pages\/203"}],"wp:attachment":[{"href":"https:\/\/livikonhotel.com\/de\/wp-json\/wp\/v2\/media?parent=2111"}],"curies":[{"name":"wp","href":"https:\/\/api.w.org\/{rel}","templated":true}]}}