{"id":2072,"date":"2015-06-11T11:14:53","date_gmt":"2015-06-11T08:14:53","guid":{"rendered":"http:\/\/hotel-livikon-plakias.com\/wp\/?page_id=2072"},"modified":"2025-12-18T00:10:04","modified_gmt":"2025-12-17T21:10:04","slug":"requests","status":"publish","type":"page","link":"https:\/\/livikonhotel.com\/de\/requests\/","title":{"rendered":"Anfragen"},"content":{"rendered":"<h1>RESERVIERUNGEN<\/h1>\n<div align=\"center\">\n<table border=\"0\" width=\"600\" cellspacing=\"0\" cellpadding=\"0\">\n<tbody>\n<tr>\n<td valign=\"top\"><strong>Preisinformation- und Reservierungsanfrage || INTERNET Preisliste 2026<br \/>\n<\/strong>Alle Preise sind in EURO und pro Zimmer und Nacht f\u00fcr jeweils 2 Personen im Doppelzimmer.<br \/>\nAlle Steuern sind in den Preisen enthalten.<br \/>\n<strong>Buchungen f\u00fcr 2 Wochen und mehr mit 10% Rabatt!<\/strong><br \/>\nReservierungen sind unverbindlich bis sie von uns best\u00e4tigt sind.<\/td>\n<\/tr>\n<\/tbody>\n<\/table>\n<\/div>\n<div align=\"center\">\n<table style=\"width: 839px;\" border=\"0\" width=\"600\" cellspacing=\"0\" cellpadding=\"0\">\n<tbody>\n<tr>\n<td style=\"width: 200px;\">\n<div align=\"center\"><strong>SAISON<\/strong><\/div>\n<\/td>\n<td style=\"width: 209px;\">\n<div align=\"center\"><strong>VON - BIS<\/strong><\/div>\n<\/td>\n<td style=\"width: 204px;\">\n<div align=\"center\"><strong>DOPPELZIMMER<\/strong><\/div>\n<\/td>\n<td style=\"width: 226px;\">\n<div align=\"center\"><strong>DREIBETTZIMMER<\/strong><\/div>\n<\/td>\n<\/tr>\n<tr>\n<td style=\"width: 200px;\">\n<div align=\"center\">NEBENSAISON 1<\/div>\n<\/td>\n<td style=\"width: 209px;\">\n<div align=\"center\">01-03 until 31-05<\/div>\n<\/td>\n<td style=\"width: 204px;\">\n<div align=\"center\">58,00<\/div>\n<\/td>\n<td style=\"width: 226px;\">\n<div align=\"center\">62,00<\/div>\n<\/td>\n<\/tr>\n<tr>\n<td style=\"width: 200px;\">\n<div align=\"center\">NEBENSAISON 2<\/div>\n<\/td>\n<td style=\"width: 209px;\">\n<div align=\"center\">16-10 until 31-11<\/div>\n<\/td>\n<td style=\"width: 204px;\">\n<div align=\"center\">58,00<\/div>\n<\/td>\n<td style=\"width: 226px;\">\n<div align=\"center\">62,00<\/div>\n<\/td>\n<\/tr>\n<tr>\n<td style=\"width: 200px;\">\n<div align=\"center\">HOCHSAISON<\/div>\n<\/td>\n<td style=\"width: 209px;\">\n<div align=\"center\">01-06 until 15-10<\/div>\n<\/td>\n<td style=\"width: 204px;\">\n<div align=\"center\">60,00<\/div>\n<\/td>\n<td style=\"width: 226px;\">\n<div align=\"center\">65,00<\/div>\n<\/td>\n<\/tr>\n<\/tbody>\n<\/table>\n<\/div>\n<div>\n<div class=\"wpcf7 no-js\" id=\"wpcf7-f2361-o1\" lang=\"en-US\" dir=\"ltr\" data-wpcf7-id=\"2361\">\n<div class=\"screen-reader-response\"><p role=\"status\" aria-live=\"polite\" aria-atomic=\"true\"><\/p> <ul><\/ul><\/div>\n<form action=\"\/de\/wp-json\/wp\/v2\/pages\/2072#wpcf7-f2361-o1\" method=\"post\" class=\"wpcf7-form init\" aria-label=\"Contact form\" novalidate=\"novalidate\" data-status=\"init\">\n<fieldset class=\"hidden-fields-container\"><input type=\"hidden\" name=\"_wpcf7\" value=\"2361\" \/><input type=\"hidden\" name=\"_wpcf7_version\" value=\"6.1.4\" \/><input type=\"hidden\" name=\"_wpcf7_locale\" value=\"en_US\" \/><input type=\"hidden\" name=\"_wpcf7_unit_tag\" value=\"wpcf7-f2361-o1\" \/><input type=\"hidden\" name=\"_wpcf7_container_post\" value=\"0\" \/><input type=\"hidden\" name=\"_wpcf7_posted_data_hash\" value=\"\" \/>\n<\/fieldset>\n<p><label> Vor- und Nachname (erforderlich)<br \/>\n<span class=\"wpcf7-form-control-wrap\" data-name=\"your-name\"><input size=\"40\" maxlength=\"400\" class=\"wpcf7-form-control wpcf7-text wpcf7-validates-as-required\" aria-required=\"true\" aria-invalid=\"false\" value=\"\" type=\"text\" name=\"your-name\" \/><\/span> <\/label>\n<\/p>\n<p><label> Ihre E-mail-Adresse (erforderlich)<br \/>\n<span class=\"wpcf7-form-control-wrap\" data-name=\"your-email\"><input size=\"40\" maxlength=\"400\" class=\"wpcf7-form-control wpcf7-email wpcf7-validates-as-required wpcf7-text wpcf7-validates-as-email\" aria-required=\"true\" aria-invalid=\"false\" value=\"\" type=\"email\" name=\"your-email\" \/><\/span> <\/label>\n<\/p>\n<p><label> Ankunftsdatum<br \/>\n<span class=\"wpcf7-form-control-wrap\" data-name=\"arrival-date\"><input size=\"40\" maxlength=\"400\" class=\"wpcf7-form-control wpcf7-text wpcf7-validates-as-required\" aria-required=\"true\" aria-invalid=\"false\" value=\"\" type=\"text\" name=\"arrival-date\" \/><\/span> <\/label>\n<\/p>\n<p><label> Aufenthaltsdauer (N\u00e4chte)<br \/>\n<span class=\"wpcf7-form-control-wrap\" data-name=\"lengthofstay\"><input size=\"40\" maxlength=\"400\" class=\"wpcf7-form-control wpcf7-text wpcf7-validates-as-required\" aria-required=\"true\" aria-invalid=\"false\" value=\"\" type=\"text\" name=\"lengthofstay\" \/><\/span> <\/label>\n<\/p>\n<p><label>Anzahl Erwachsene<br \/>\n<span class=\"wpcf7-form-control-wrap\" data-name=\"adults\"><select class=\"wpcf7-form-control wpcf7-select wpcf7-validates-as-required\" aria-required=\"true\" aria-invalid=\"false\" name=\"adults\"><option value=\"\">&#8212;Please choose an option&#8212;<\/option><option value=\"1\">1<\/option><option value=\"2\" selected=\"selected\">2<\/option><option value=\"3\">3<\/option><option value=\"4\">4<\/option><option value=\"5\">5<\/option><option value=\"6\">6<\/option><\/select><\/span> <\/label>\n<\/p>\n<p><label>Anzahl Kinder<br \/>\n<span class=\"wpcf7-form-control-wrap\" data-name=\"children\"><select class=\"wpcf7-form-control wpcf7-select wpcf7-validates-as-required\" aria-required=\"true\" aria-invalid=\"false\" name=\"children\"><option value=\"0\">0<\/option><option value=\"1\">1<\/option><option value=\"2\">2<\/option><option value=\"3\">3<\/option><option value=\"4\">4<\/option><\/select><\/span> <\/label>\n<\/p>\n<p><label>Mitteilungen, Sonderw\u00fcnsche<br \/>\n<span class=\"wpcf7-form-control-wrap\" data-name=\"comments\"><textarea cols=\"30\" rows=\"2\" maxlength=\"2000\" class=\"wpcf7-form-control wpcf7-textarea\" aria-invalid=\"false\" name=\"comments\"><\/textarea><\/span> <\/label>\n<\/p>\n<p><input class=\"wpcf7-form-control wpcf7-submit has-spinner\" type=\"submit\" value=\"Absenden\" \/>\n<\/p><input type=\"hidden\" id=\"ct_checkjs_cf7_59b90e1005a220e2ebc542eb9d950b1e\" name=\"ct_checkjs_cf7\" value=\"0\" \/><input\n                    class=\"apbct_special_field apbct_email_id__wp_contact_form_7\"\n                    name=\"apbct__email_id__wp_contact_form_7\"\n                    aria-label=\"apbct__label_id__wp_contact_form_7\"\n                    type=\"text\" size=\"30\" maxlength=\"200\" autocomplete=\"off\"\n                    value=\"\"\n                \/><div class=\"wpcf7-response-output\" aria-hidden=\"true\"><\/div>\n<\/form>\n<\/div>\n<\/div>\n","protected":false},"excerpt":{"rendered":"<p>RESERVIERUNGEN Preisinformation- und Reservierungsanfrage || INTERNET Preisliste 2026 Alle Preise sind in EURO und pro Zimmer und Nacht f\u00fcr jeweils 2 Personen im Doppelzimmer. Alle Steuern sind in den Preisen enthalten. Buchungen f\u00fcr 2 Wochen und mehr mit 10% Rabatt! Reservierungen sind unverbindlich bis sie von uns best\u00e4tigt sind. SAISON VON - BIS DOPPELZIMMER DREIBETTZIMMER NEBENSAISON 1 01-03 until 31-05&nbsp;<a href=\"https:\/\/livikonhotel.com\/de\/requests\/\" class=\"read-more\">Continue Reading<\/a><\/p>\n","protected":false},"author":1,"featured_media":0,"parent":0,"menu_order":0,"comment_status":"open","ping_status":"closed","template":"page-fullwidth.php","meta":{"footnotes":""},"class_list":["post-2072","page","type-page","status-publish","hentry"],"_links":{"self":[{"href":"https:\/\/livikonhotel.com\/de\/wp-json\/wp\/v2\/pages\/2072","targetHints":{"allow":["GET"]}}],"collection":[{"href":"https:\/\/livikonhotel.com\/de\/wp-json\/wp\/v2\/pages"}],"about":[{"href":"https:\/\/livikonhotel.com\/de\/wp-json\/wp\/v2\/types\/page"}],"author":[{"embeddable":true,"href":"https:\/\/livikonhotel.com\/de\/wp-json\/wp\/v2\/users\/1"}],"replies":[{"embeddable":true,"href":"https:\/\/livikonhotel.com\/de\/wp-json\/wp\/v2\/comments?post=2072"}],"version-history":[{"count":1,"href":"https:\/\/livikonhotel.com\/de\/wp-json\/wp\/v2\/pages\/2072\/revisions"}],"predecessor-version":[{"id":2398,"href":"https:\/\/livikonhotel.com\/de\/wp-json\/wp\/v2\/pages\/2072\/revisions\/2398"}],"wp:attachment":[{"href":"https:\/\/livikonhotel.com\/de\/wp-json\/wp\/v2\/media?parent=2072"}],"curies":[{"name":"wp","href":"https:\/\/api.w.org\/{rel}","templated":true}]}}