{"id":203,"date":"2011-09-14T09:45:02","date_gmt":"2011-09-14T09:45:02","guid":{"rendered":"http:\/\/localhost\/2015\/Jan\/Mu.24721\/"},"modified":"2018-01-07T14:10:34","modified_gmt":"2018-01-07T11:10:34","slug":"home","status":"publish","type":"page","link":"https:\/\/livikonhotel.com\/de\/","title":{"rendered":"Hotels in Plakias Livikon"},"content":{"rendered":"<div class=\"content_box content_box__style-1 content_box__padding-1 \">\n<div class=\"title-box clearfix \"><h2 class=\"title-box_primary\">Willkommen<\/h2><h3 class=\"title-box_secondary\">im Hotel Livikon in Plakias<\/h3><\/div><!-- \/\/.title-box -->\n<!-- SEASON'S GREETINGS BEGINNING XXXXXXXXXXXXXXXXXXXXXXXXXXXXXXXX \n     <center> <img SRC=\"xmas-candle-3.gif\" \/><br \/>\n     &nbsp; &nbsp;<b><font color=\"#009900\"><font size=3><font face=\"Lucida Handwriting\">Allen unseren Freunden, G\u00e4sten und Mitarbeitern <br \/>\nw\u00fcnschen wir Frohe Weihnachten und ein Gutes Neues Jahr!<br \/><\/font><\/font><\/font><\/b><\/center>\n<!-- SEASON'S GREETINGS END XXXXXXXXXXXXXXXXXXXXXXXXXXXXXXXXXXXXXX --><br \/>\n<div class=\"row indent-bottom\">\n<div class=\"span4 \"><section class=\"lazy-load-box trigger effect-slidefromleft \" data-delay=\"600\" data-speed=\"600\" style=\"-webkit-transition: all 600ms ease; -moz-transition: all 600ms ease; -ms-transition: all 600ms ease; -o-transition: all 600ms ease; transition: all 600ms ease;\">\n<p><strong>Hotels in Plakias, Insel Kreta:<\/strong><br \/>\nDas Livikon Beach Hotel in Plakias ist ein frisch renoviertes Hotel direkt am Strand von Plakias, Insel Kreta, mit 10 Zwei- und Dreibettzimmern und einem Penthaus, das von April bis November ge\u00f6ffnet ist. <\/p>\n<p>Es ist nach dem Libyschen Meer benannt, das seine kristallklaren Wellen 20 Meter vor dem Hotel an den Strand wirft.<br \/>\n<\/section><\/div>\n<div class=\"span4 \"><section class=\"lazy-load-box trigger effect-slidefromleft \" data-delay=\"400\" data-speed=\"600\" style=\"-webkit-transition: all 600ms ease; -moz-transition: all 600ms ease; -ms-transition: all 600ms ease; -o-transition: all 600ms ease; transition: all 600ms ease;\">\n<p><strong>Das Livikon Breach Hotel<\/strong><br \/>\nbefindet sich am Sandstrand von Plakias an der S\u00fcdk\u00fcste Kretas mit Blick auf das Libysche Meer und die Kouroupa Berge mit der Kotsifouschlucht.<\/p>\n<p>In der N\u00e4he befinden sich Tavernen mit traditionellen kretischen Speisen, Apotheke, Arzt und Supermarkt, Post und Busstation, und nicht zu vergessen - unsere Snackbar mit Meerblick.<\/p>\n<\/section><\/div>\n<div class=\"span4 \"><section class=\"lazy-load-box trigger effect-slidefromleft \" data-delay=\"200\" data-speed=\"600\" style=\"-webkit-transition: all 600ms ease; -moz-transition: all 600ms ease; -ms-transition: all 600ms ease; -o-transition: all 600ms ease; transition: all 600ms ease;\">\n<p><strong>Die Gegend von Plakias<\/strong><br \/>\nPlakias ist eine der sch\u00f6nsten touristisch erschlossenen Gegenden Kretas. Breite lange Sandstr\u00e4nde verbinden sich mit hohen Bergen und gr\u00fcnen H\u00e4ngen zu einer Landschaft von gro\u00dfer Sch\u00f6nheit.<br \/>\n Ganz in der N\u00e4he befinden sich viele kleine Buchten und Str\u00e4nde, die einen Besuch zu Fu\u00df mit dem Auto oder dem Ausflugsboot, das seine Reise im kleinen Hafen von Plakias beginnt, lohnen.<br \/>\n<\/section><\/div>\n<\/div><!-- .row (end) -->\n<div class=\"clear\"><\/div><\/div><!-- .content_box (end) -->\n<div class=\"tiles_wrapper tilesView\" data-template-array=\"33.33,33.33,33.33,33.33,33.33,33.33\"><div class=\"tiles_view\"><div class=\"tiles-item\"><div class=\"inner_wrap\" data-image-src=\"https:\/\/livikonhotel.com\/de\/wp-content\/uploads\/2015\/06\/building-1_1821a.jpg\"><\/div><\/div><div class=\"tiles-item\"><div class=\"inner_wrap\" data-image-src=\"https:\/\/livikonhotel.com\/de\/wp-content\/uploads\/2012\/06\/2-single-beds-room-3_1616.jpg\"><\/div><\/div><div class=\"tiles-item\"><div class=\"inner_wrap\" data-image-src=\"https:\/\/livikonhotel.com\/de\/wp-content\/uploads\/2015\/06\/livikon_cafe02_900.jpg\"><\/div><\/div><div class=\"tiles-item\"><div class=\"inner_wrap\" data-image-src=\"https:\/\/livikonhotel.com\/de\/wp-content\/uploads\/2012\/07\/2-single-beds-room-1_1597.jpg\"><\/div><\/div><div class=\"tiles-item\"><div class=\"inner_wrap\" data-image-src=\"https:\/\/livikonhotel.com\/de\/wp-content\/uploads\/2012\/06\/triple-bed-room-1_1741.jpg\"><\/div><\/div><div class=\"tiles-item\"><div class=\"inner_wrap\" data-image-src=\"https:\/\/livikonhotel.com\/de\/wp-content\/uploads\/2015\/06\/snack-bar-2_1457.jpg\"><\/div><\/div><\/div><\/div>\n<div class=\"content_box content_box__style-1 content_box__padding-2 \">\n<div class=\"title-box clearfix \"><h2 class=\"title-box_primary\">Informationen<\/h2><h3 class=\"title-box_secondary\">Lage, Einrichtungen und Wohnen<\/h3><\/div><!-- \/\/.title-box -->\n<div class=\"row \">\n<div class=\"span4 \"><section class=\"lazy-load-box trigger effect-slidefromleft \" data-delay=\"600\" data-speed=\"600\" style=\"-webkit-transition: all 600ms ease; -moz-transition: all 600ms ease; -ms-transition: all 600ms ease; -o-transition: all 600ms ease; transition: all 600ms ease;\">\n<strong>LAGE<\/strong><br \/>\n<div class=\"banner-wrap \"><figure class=\"featured-thumbnail\"><a href=\"http:\/\/hotel-livikon-plakias.com\/de\/home\/location\/\" title=\"\"><img decoding=\"async\" src=\"https:\/\/livikonhotel.com\/de\/wp-content\/uploads\/2015\/06\/banner-img1.jpg\" title=\"\" alt=\"\" \/><\/a><\/figure><p>Das LIVIKON Beach Hotel ist am Sandstrand der Plakiasbucht an der S\u00fcdk\u00fcste Kretas gelegen. <\/p><\/div><!-- .banner-wrap (end) -->\n<\/section><\/div>\n<div class=\"span4 \"><section class=\"lazy-load-box trigger effect-slidefromleft \" data-delay=\"400\" data-speed=\"600\" style=\"-webkit-transition: all 600ms ease; -moz-transition: all 600ms ease; -ms-transition: all 600ms ease; -o-transition: all 600ms ease; transition: all 600ms ease;\">\n<strong>EINRICHTUNGEN<\/strong><br \/>\n<div class=\"banner-wrap \"><figure class=\"featured-thumbnail\"><a href=\"http:\/\/hotel-livikon-plakias.com\/de\/home\/facilities\/\" title=\"\"><img decoding=\"async\" src=\"https:\/\/livikonhotel.com\/de\/wp-content\/uploads\/2015\/06\/banner-img2.jpg\" title=\"\" alt=\"\" \/><\/a><\/figure><p>An der Rezeption des Strandhotels Livikon in Plakias erhalten Sie Informationen f\u00fcr Ihren Urlaub, und mehr. <\/p><\/div><!-- .banner-wrap (end) -->\n<\/section><\/div>\n<div class=\"span4 \"><section class=\"lazy-load-box trigger effect-slidefromleft \" data-delay=\"200\" data-speed=\"600\" style=\"-webkit-transition: all 600ms ease; -moz-transition: all 600ms ease; -ms-transition: all 600ms ease; -o-transition: all 600ms ease; transition: all 600ms ease;\">\n<strong>WOHNEN<\/strong><br \/>\n<div class=\"banner-wrap \"><figure class=\"featured-thumbnail\"><a href=\"http:\/\/hotel-livikon-plakias.com\/de\/home\/lodging\/\" title=\"\"><img decoding=\"async\" src=\"https:\/\/livikonhotel.com\/de\/wp-content\/uploads\/2015\/06\/banner-img3.jpg\" title=\"\" alt=\"\" \/><\/a><\/figure><p>Unser Hotel bietet 10 ger\u00e4umige Doppel- und Dreibettzimmer und ein Penthaus. <\/p><\/div><!-- .banner-wrap (end) -->\n<\/section><\/div>\n<\/div><!-- .row (end) -->\n<div class=\"clear\"><\/div><\/div><!-- .content_box (end) -->\n<section class=\"parallax-box image-parallax-box parallax-box__style-1\" ><div class=\"parallax-content\">\n<section class=\"lazy-load-box trigger effect-fade \" data-delay=\"0\" data-speed=\"600\" style=\"-webkit-transition: all 600ms ease; -moz-transition: all 600ms ease; -ms-transition: all 600ms ease; -o-transition: all 600ms ease; transition: all 600ms ease;\">\n<div class=\"service-box \"><div class=\"service-box_body\"><h2 class=\"title\">Reservieren?<\/h2><h5 class=\"sub-title\">Nehmen Sie unser Reservierungsformular<\/h5><div class=\"btn-align\"><a href=\"http:\/\/hotel-livikon-plakias.com\/de\/requests\/\" title=\"Hier reservieren!\" class=\"btn btn-inverse btn-normal btn-primary \" target=\"_self\">Hier reservieren!<\/a><\/div><\/div><\/div><!-- \/Service Box -->\n<\/section>\n<div class=\"clear\"><\/div><\/div><div class=\"parallax-bg\" data-parallax-type=\"image\" data-img-url=\"https:\/\/hotel-livikon-plakias.com\/wp-content\/uploads\/2015\/06\/parallax-img.jpg\" data-speed=\"1.5\" data-invert=\"false\" ><\/div><\/section>\n","protected":false},"excerpt":{"rendered":"","protected":false},"author":1,"featured_media":0,"parent":0,"menu_order":0,"comment_status":"open","ping_status":"closed","template":"page-home.php","meta":{"footnotes":""},"class_list":["post-203","page","type-page","status-publish","hentry"],"_links":{"self":[{"href":"https:\/\/livikonhotel.com\/de\/wp-json\/wp\/v2\/pages\/203","targetHints":{"allow":["GET"]}}],"collection":[{"href":"https:\/\/livikonhotel.com\/de\/wp-json\/wp\/v2\/pages"}],"about":[{"href":"https:\/\/livikonhotel.com\/de\/wp-json\/wp\/v2\/types\/page"}],"author":[{"embeddable":true,"href":"https:\/\/livikonhotel.com\/de\/wp-json\/wp\/v2\/users\/1"}],"replies":[{"embeddable":true,"href":"https:\/\/livikonhotel.com\/de\/wp-json\/wp\/v2\/comments?post=203"}],"version-history":[{"count":2,"href":"https:\/\/livikonhotel.com\/de\/wp-json\/wp\/v2\/pages\/203\/revisions"}],"predecessor-version":[{"id":2368,"href":"https:\/\/livikonhotel.com\/de\/wp-json\/wp\/v2\/pages\/203\/revisions\/2368"}],"wp:attachment":[{"href":"https:\/\/livikonhotel.com\/de\/wp-json\/wp\/v2\/media?parent=203"}],"curies":[{"name":"wp","href":"https:\/\/api.w.org\/{rel}","templated":true}]}}