{"id":1797,"date":"2011-07-14T19:45:29","date_gmt":"2011-07-14T16:45:29","guid":{"rendered":"http:\/\/localhost\/2015\/Jan\/Mu.24721\/about\/"},"modified":"2015-07-02T00:27:53","modified_gmt":"2015-07-01T21:27:53","slug":"about","status":"publish","type":"page","link":"https:\/\/livikonhotel.com\/de\/about\/","title":{"rendered":"\u00dcber uns"},"content":{"rendered":"<div class=\"title-box clearfix \"><h2 class=\"title-box_primary\">\u00dcber uns<\/h2><h3 class=\"title-box_secondary\">Willkommen im LIVIKON Beach Hotel<\/h3><\/div><!-- \/\/.title-box -->\n<div class=\"row indent-bottom\">\n<div class=\"span6 \"><p><img loading=\"lazy\" decoding=\"async\" class=\"alignnone size-full wp-image-1998\" src=\"http:\/\/hotel-livikon-plakias.com\/wp-content\/uploads\/2011\/07\/reception-1_1791.jpg\" alt=\"reception-1_1791\" width=\"570\" height=\"253\" \/><\/p>\n<p><strong>Anfang der 70er Jahre<\/strong><br \/>\nIn den fr\u00fchen 70er Jahren beschloss ein 40-j\u00e4hriger Busunternehmer, ein kleines Hotel in Plakias zu bauen.<br \/>\nDie Tatsache, dass damals nur wenige Touristen das kleine Fischerdorf besuchten, konnte ihn nicht von seiner \u00dcberzeugung abbringen. So legte Stelios Koumentakis, seinen eigenen Grundstein f\u00fcr den Beginn des Tourismus in Plakias. Es war wahrscheinlich die erste Unterkunft  in der weiteren Region, die schon zur damaligen Zeit Zimmer mit Bad und Balkon hatte.<br \/>\nSeine Frau, Eleni hielt die Zimmer makellos sauber. Die drei T\u00f6chter halfen ihnen bei allen anfallenden Arbeiten im Hotel, so gut sie konnten. Alle f\u00fcnf schufen so eine angenehme famili\u00e4re Atmosph\u00e4re f\u00fcr die G\u00e4ste.<br \/>\nEr w\u00e4hlte den Namen des Hotels \"Livikon\" selbst nach dem Namen des Meeres, das auf sein ganzes Leben blickte.<\/p>\n<p><strong>Ende der  90er<\/strong><br \/>\nDas Hotel wurde an die j\u00fcngere Tochter der Familie, Georgia, und ihr Ehemann, Dionysis \u00fcbertragen.<br \/>\nIm Laufe der Jahre \u00e4nderte das Hotel Livikon durch viele Renovierungen innen und au\u00dfen sein Erscheinungsbild entsprechend den Anforderungen der Zeit.<br \/>\nAber was sich nicht ver\u00e4ndert hat, ist die Liebe f\u00fcr das, was die Familie tut, und die Gastfreundschaft, die nat\u00fcrlich von innen kommt, denn so haben sie es gelernt.<\/p><\/div>\n<div class=\"span6 \"><p><img loading=\"lazy\" decoding=\"async\" class=\"alignnone size-full wp-image-2000\" src=\"http:\/\/hotel-livikon-plakias.com\/wp-content\/uploads\/2011\/07\/reception-2_1784.jpg\" alt=\"reception-1_1784\" width=\"570\" height=\"253\" \/><\/p>\n<p><strong>Ger\u00e4umige Zimmer \/ Studios, Doppel- oder Dreibettzimmer mit freiem Blick auf die Bucht von Plakias oder die Berge erwarten Sie f\u00fcr einen wundersch\u00f6nen Urlaub.<\/strong><br \/>\n Gr\u00fcndlich saubere Zimmer, die Ihnen Komfort und die Sicherheit einer famili\u00e4ren Atmosph\u00e4re geben.<\/p>\n<p>Im Erdgeschoss betreiben wir die Snack-Bar Caf\u00e9 Livikon f\u00fcr alle Ferieng\u00e4ste von Plakias.<br \/>\nIn der Regel versammelt sich hier die ganze Familie, die  j\u00fcngeren Mitglieder bis zur Gro\u00dfmutter Eleni, die immer noch voll dabei ist.<\/p>\n<p>Die Snack-Bar-Caf\u00e9 Livikon ist komfortabel und sauber und bietet einen herrlichen Meerblick.<br \/>\nGeorgia versorgt Sie gerne mit leckeren Snacks, Salaten und auch Eiskrem.<\/p>\n<p>Dionysis, immer fr\u00f6hlich und von unersch\u00f6pflichem Humor, wird Sie mit leckeren Cocktails, die nur er wei\u00df, wie zu tun, immer sauber Spirituosen aufheitern mit leckeren Cocktails, die nur er zu mixen versteht.<\/p>\n<p>Wir, die Familie des Beach Hotels Livikon laden Sie ein, bei uns einen angenehmen und unbeschwerten Urlaub zu verbringen.<\/p>\n<p>Georgia, Dionysis, Kinder und Gro\u00dfmutter Eleni<\/p><\/div>\n<\/div><!-- .row (end) -->\n<section class=\"parallax-box image-parallax-box parallax-box__style-2\" ><div class=\"parallax-content\">\n<div class=\"testimonials testimonials__style-1\"><div class=\"testi-item list-item-0\"><blockquote class=\"testi-item_blockquote\"><small class=\"testi-meta\"><span class=\"user\">Thomas K aus Bochum<\/span> <span class=\"info\">\u201cbestes Hotel im sch\u00f6nsten Ort Kretas\u201d<\/span><br><\/small><div class=\"clear\"><\/div><div class=\"link-wrap\"><a href=\"https:\/\/livikonhotel.com\/de\/testimonial-view\/testimonial-1\/\">Wir fahren schon seit vielen Jahren immer wieder nach Plakias und selbstverst\u00e4ndlich ins Hotel Livykon. Das Hotel hat eine perfekte Lage und das beste Preis Leistungs-Verh\u00e4ltnis. Den Strand direkt zur einen und die Restaurants und Tavernen zur anderen&hellip;<\/a><\/div><\/blockquote><\/div><div class=\"testi-item list-item-1\"><blockquote class=\"testi-item_blockquote\"><small class=\"testi-meta\"><span class=\"user\">Thomas F., Berlin<\/span> <span class=\"info\">\u201cWunderbares Hotel, phantastische Lage\u201d<\/span><br><\/small><div class=\"clear\"><\/div><div class=\"link-wrap\"><a href=\"https:\/\/livikonhotel.com\/de\/testimonial-view\/testimonial-2\/\">Wir fahren schon seit vielen Jahren nach Kreta und uns gef\u00e4llt dieses kleine familiengef\u00fchrte Hotel am besten. Es liegt direkt in der Mitte des langen Sandstrandes mit einem unvergleichlichen Blick auf das Meer. Die Zimmer sind sehr sauber&hellip;<\/a><\/div><\/blockquote><\/div><\/div>\n<div class=\"clear\"><\/div><\/div><div class=\"parallax-bg\" data-parallax-type=\"image\" data-img-url=\"http:\/\/hotel-livikon-plakias.com\/wp\/wp-content\/uploads\/2015\/06\/parallax-img1.jpg\" data-speed=\"1.5\" data-invert=\"false\" ><\/div><\/section>\n<section class=\"parallax-box image-parallax-box parallax-box__style-3\" ><div class=\"parallax-content\">\n<div class=\"clear\"><\/div><\/div><div class=\"parallax-bg\" data-parallax-type=\"image\" data-img-url=\"https:\/\/hotel-livikon-plakias.com\/wp-content\/uploads\/2015\/06\/parallax-img.jpg\" data-speed=\"1.5\" data-invert=\"false\" ><\/div><\/section>\n","protected":false},"excerpt":{"rendered":"","protected":false},"author":1,"featured_media":0,"parent":0,"menu_order":1,"comment_status":"open","ping_status":"closed","template":"page-fullwidth.php","meta":{"footnotes":""},"class_list":["post-1797","page","type-page","status-publish","hentry"],"_links":{"self":[{"href":"https:\/\/livikonhotel.com\/de\/wp-json\/wp\/v2\/pages\/1797","targetHints":{"allow":["GET"]}}],"collection":[{"href":"https:\/\/livikonhotel.com\/de\/wp-json\/wp\/v2\/pages"}],"about":[{"href":"https:\/\/livikonhotel.com\/de\/wp-json\/wp\/v2\/types\/page"}],"author":[{"embeddable":true,"href":"https:\/\/livikonhotel.com\/de\/wp-json\/wp\/v2\/users\/1"}],"replies":[{"embeddable":true,"href":"https:\/\/livikonhotel.com\/de\/wp-json\/wp\/v2\/comments?post=1797"}],"version-history":[{"count":1,"href":"https:\/\/livikonhotel.com\/de\/wp-json\/wp\/v2\/pages\/1797\/revisions"}],"predecessor-version":[{"id":2345,"href":"https:\/\/livikonhotel.com\/de\/wp-json\/wp\/v2\/pages\/1797\/revisions\/2345"}],"wp:attachment":[{"href":"https:\/\/livikonhotel.com\/de\/wp-json\/wp\/v2\/media?parent=1797"}],"curies":[{"name":"wp","href":"https:\/\/api.w.org\/{rel}","templated":true}]}}